{"id":5337,"date":"2024-01-16T10:04:28","date_gmt":"2024-01-16T09:04:28","guid":{"rendered":"https:\/\/ecole-steiner-verrieres.org\/?page_id=5337"},"modified":"2026-01-25T18:40:53","modified_gmt":"2026-01-25T17:40:53","slug":"les-evenements-de-lecole","status":"publish","type":"page","link":"https:\/\/ecole-steiner-verrieres.org\/en\/les-evenements-de-lecole\/","title":{"rendered":"Les \u00e9v\u00e9nements de l&#8217;\u00e9cole"},"content":{"rendered":"\t\t<div data-elementor-type=\"wp-page\" data-elementor-id=\"5337\" class=\"elementor elementor-5337\" data-elementor-settings=\"{&quot;element_pack_global_tooltip_width&quot;:{&quot;unit&quot;:&quot;px&quot;,&quot;size&quot;:&quot;&quot;,&quot;sizes&quot;:[]},&quot;element_pack_global_tooltip_width_tablet&quot;:{&quot;unit&quot;:&quot;px&quot;,&quot;size&quot;:&quot;&quot;,&quot;sizes&quot;:[]},&quot;element_pack_global_tooltip_width_mobile&quot;:{&quot;unit&quot;:&quot;px&quot;,&quot;size&quot;:&quot;&quot;,&quot;sizes&quot;:[]},&quot;element_pack_global_tooltip_padding&quot;:{&quot;unit&quot;:&quot;px&quot;,&quot;top&quot;:&quot;&quot;,&quot;right&quot;:&quot;&quot;,&quot;bottom&quot;:&quot;&quot;,&quot;left&quot;:&quot;&quot;,&quot;isLinked&quot;:true},&quot;element_pack_global_tooltip_padding_tablet&quot;:{&quot;unit&quot;:&quot;px&quot;,&quot;top&quot;:&quot;&quot;,&quot;right&quot;:&quot;&quot;,&quot;bottom&quot;:&quot;&quot;,&quot;left&quot;:&quot;&quot;,&quot;isLinked&quot;:true},&quot;element_pack_global_tooltip_padding_mobile&quot;:{&quot;unit&quot;:&quot;px&quot;,&quot;top&quot;:&quot;&quot;,&quot;right&quot;:&quot;&quot;,&quot;bottom&quot;:&quot;&quot;,&quot;left&quot;:&quot;&quot;,&quot;isLinked&quot;:true},&quot;element_pack_global_tooltip_border_radius&quot;:{&quot;unit&quot;:&quot;px&quot;,&quot;top&quot;:&quot;&quot;,&quot;right&quot;:&quot;&quot;,&quot;bottom&quot;:&quot;&quot;,&quot;left&quot;:&quot;&quot;,&quot;isLinked&quot;:true},&quot;element_pack_global_tooltip_border_radius_tablet&quot;:{&quot;unit&quot;:&quot;px&quot;,&quot;top&quot;:&quot;&quot;,&quot;right&quot;:&quot;&quot;,&quot;bottom&quot;:&quot;&quot;,&quot;left&quot;:&quot;&quot;,&quot;isLinked&quot;:true},&quot;element_pack_global_tooltip_border_radius_mobile&quot;:{&quot;unit&quot;:&quot;px&quot;,&quot;top&quot;:&quot;&quot;,&quot;right&quot;:&quot;&quot;,&quot;bottom&quot;:&quot;&quot;,&quot;left&quot;:&quot;&quot;,&quot;isLinked&quot;:true}}\" data-elementor-post-type=\"page\">\n\t\t\t\t\t\t<section class=\"elementor-section elementor-top-section elementor-element elementor-element-4f12069 elementor-section-boxed elementor-section-height-default elementor-section-height-default\" data-id=\"4f12069\" data-element_type=\"section\" data-e-type=\"section\">\n\t\t\t\t\t\t<div class=\"elementor-container elementor-column-gap-default\">\n\t\t\t\t\t<div class=\"elementor-column elementor-col-100 elementor-top-column elementor-element elementor-element-ec642ca\" data-id=\"ec642ca\" data-element_type=\"column\" data-e-type=\"column\">\n\t\t\t<div class=\"elementor-widget-wrap\">\n\t\t\t\t\t\t\t<\/div>\n\t\t<\/div>\n\t\t\t\t\t<\/div>\n\t\t<\/section>\n\t\t\t\t<section class=\"elementor-section elementor-top-section elementor-element elementor-element-69bc90d elementor-section-boxed elementor-section-height-default elementor-section-height-default\" data-id=\"69bc90d\" data-element_type=\"section\" data-e-type=\"section\" data-settings=\"{&quot;background_background&quot;:&quot;classic&quot;,&quot;background_motion_fx_motion_fx_scrolling&quot;:&quot;yes&quot;,&quot;shape_divider_bottom&quot;:&quot;curve&quot;,&quot;background_motion_fx_devices&quot;:[&quot;desktop&quot;,&quot;tablet&quot;,&quot;mobile&quot;]}\">\n\t\t\t\t\t\t\t<div class=\"elementor-background-overlay\"><\/div>\n\t\t\t\t\t\t<div class=\"elementor-shape elementor-shape-bottom\" aria-hidden=\"true\" data-negative=\"false\">\n\t\t\t<svg xmlns=\"http:\/\/www.w3.org\/2000\/svg\" viewBox=\"0 0 1000 100\" preserveAspectRatio=\"none\">\n    <path class=\"elementor-shape-fill\" d=\"M1000,4.3V0H0v4.3C0.9,23.1,126.7,99.2,500,100S1000,22.7,1000,4.3z\"\/>\n<\/svg>\t\t<\/div>\n\t\t\t\t\t<div class=\"elementor-container elementor-column-gap-default\">\n\t\t\t\t\t<div class=\"elementor-column elementor-col-100 elementor-top-column elementor-element elementor-element-5b58651\" data-id=\"5b58651\" data-element_type=\"column\" data-e-type=\"column\">\n\t\t\t<div class=\"elementor-widget-wrap elementor-element-populated\">\n\t\t\t\t\t\t<div class=\"elementor-element elementor-element-97ba594 elementor-widget elementor-widget-spacer\" data-id=\"97ba594\" data-element_type=\"widget\" data-e-type=\"widget\" data-widget_type=\"spacer.default\">\n\t\t\t\t\t\t\t<div class=\"elementor-spacer\">\n\t\t\t<div class=\"elementor-spacer-inner\"><\/div>\n\t\t<\/div>\n\t\t\t\t\t\t<\/div>\n\t\t\t\t<section class=\"elementor-section elementor-inner-section elementor-element elementor-element-b0c462f elementor-section-boxed elementor-section-height-default elementor-section-height-default\" data-id=\"b0c462f\" data-element_type=\"section\" data-e-type=\"section\">\n\t\t\t\t\t\t<div class=\"elementor-container elementor-column-gap-default\">\n\t\t\t\t\t<div class=\"elementor-column elementor-col-20 elementor-inner-column elementor-element elementor-element-ae6fa11\" data-id=\"ae6fa11\" data-element_type=\"column\" data-e-type=\"column\">\n\t\t\t<div class=\"elementor-widget-wrap\">\n\t\t\t\t\t\t\t<\/div>\n\t\t<\/div>\n\t\t\t\t<div class=\"elementor-column elementor-col-20 elementor-inner-column elementor-element elementor-element-2445ac7\" data-id=\"2445ac7\" data-element_type=\"column\" data-e-type=\"column\">\n\t\t\t<div class=\"elementor-widget-wrap elementor-element-populated\">\n\t\t\t\t\t\t<div class=\"elementor-element elementor-element-e0decad elementor-nav-menu__align-center elementor-nav-menu__text-align-center elementor-hidden-tablet elementor-hidden-phone elementor-nav-menu--dropdown-tablet elementor-widget elementor-widget-nav-menu\" data-id=\"e0decad\" data-element_type=\"widget\" data-e-type=\"widget\" data-settings=\"{&quot;submenu_icon&quot;:{&quot;value&quot;:&quot;&lt;i aria-hidden=\\&quot;true\\&quot; class=\\&quot;\\&quot;&gt;&lt;\\\/i&gt;&quot;,&quot;library&quot;:&quot;&quot;},&quot;layout&quot;:&quot;horizontal&quot;}\" data-widget_type=\"nav-menu.default\">\n\t\t\t\t\t\t\t\t<nav aria-label=\"Menu\" class=\"elementor-nav-menu--main elementor-nav-menu__container elementor-nav-menu--layout-horizontal e--pointer-overline e--animation-fade\">\n\t\t\t\t<ul id=\"menu-1-e0decad\" class=\"elementor-nav-menu\"><li class=\"menu-item menu-item-type-custom menu-item-object-custom menu-item-has-children menu-item-544\"><a href=\"#\" class=\"elementor-item elementor-item-anchor\">L&#8217;\u00e9cole<\/a>\n<ul class=\"sub-menu elementor-nav-menu--dropdown\">\n\t<li class=\"menu-item menu-item-type-post_type menu-item-object-page menu-item-633\"><a href=\"https:\/\/ecole-steiner-verrieres.org\/en\/decouvrir\/\" class=\"elementor-sub-item\">D\u00e9couvrir l\u2019\u00e9cole<\/a><\/li>\n\t<li class=\"menu-item menu-item-type-post_type menu-item-object-page menu-item-7852\"><a href=\"https:\/\/ecole-steiner-verrieres.org\/en\/foire-aux-questions\/\" class=\"elementor-sub-item\">Foire aux questions<\/a><\/li>\n\t<li class=\"menu-item menu-item-type-post_type menu-item-object-page menu-item-800\"><a href=\"https:\/\/ecole-steiner-verrieres.org\/en\/jardin-denfants\/\" class=\"elementor-sub-item\">Jardin d\u2019enfants<\/a><\/li>\n\t<li class=\"menu-item menu-item-type-post_type menu-item-object-page menu-item-584\"><a href=\"https:\/\/ecole-steiner-verrieres.org\/en\/primaire\/\" class=\"elementor-sub-item\">Primaire<\/a><\/li>\n\t<li class=\"menu-item menu-item-type-post_type menu-item-object-page menu-item-811\"><a href=\"https:\/\/ecole-steiner-verrieres.org\/en\/college\/\" class=\"elementor-sub-item\">Coll\u00e8ge<\/a><\/li>\n\t<li class=\"menu-item menu-item-type-post_type menu-item-object-page menu-item-1278\"><a href=\"https:\/\/ecole-steiner-verrieres.org\/en\/lycee\/\" class=\"elementor-sub-item\">Lyc\u00e9e<\/a><\/li>\n<\/ul>\n<\/li>\n<li class=\"menu-item menu-item-type-custom menu-item-object-custom menu-item-has-children menu-item-545\"><a href=\"#\" class=\"elementor-item elementor-item-anchor\">La p\u00e9dagogie<\/a>\n<ul class=\"sub-menu elementor-nav-menu--dropdown\">\n\t<li class=\"menu-item menu-item-type-post_type menu-item-object-page menu-item-1391\"><a href=\"https:\/\/ecole-steiner-verrieres.org\/en\/pedagogie-steiner-waldorf\/\" class=\"elementor-sub-item\">La p\u00e9dagogie Steiner-Waldorf<\/a><\/li>\n\t<li class=\"menu-item menu-item-type-post_type menu-item-object-page menu-item-2484\"><a href=\"https:\/\/ecole-steiner-verrieres.org\/en\/les-atouts-de-la-pedagogie\/\" class=\"elementor-sub-item\">Les atouts de la p\u00e9dagogie<\/a><\/li>\n\t<li class=\"menu-item menu-item-type-post_type menu-item-object-page menu-item-2483\"><a href=\"https:\/\/ecole-steiner-verrieres.org\/en\/une-annee-rythmee-par-les-fetes\/\" class=\"elementor-sub-item\">Une ann\u00e9e rythm\u00e9e par les f\u00eates<\/a><\/li>\n<\/ul>\n<\/li>\n<\/ul>\t\t\t<\/nav>\n\t\t\t\t\t\t<nav class=\"elementor-nav-menu--dropdown elementor-nav-menu__container\" aria-hidden=\"true\">\n\t\t\t\t<ul id=\"menu-2-e0decad\" class=\"elementor-nav-menu\"><li class=\"menu-item menu-item-type-custom menu-item-object-custom menu-item-has-children menu-item-544\"><a href=\"#\" class=\"elementor-item elementor-item-anchor\" tabindex=\"-1\">L&#8217;\u00e9cole<\/a>\n<ul class=\"sub-menu elementor-nav-menu--dropdown\">\n\t<li class=\"menu-item menu-item-type-post_type menu-item-object-page menu-item-633\"><a href=\"https:\/\/ecole-steiner-verrieres.org\/en\/decouvrir\/\" class=\"elementor-sub-item\" tabindex=\"-1\">D\u00e9couvrir l\u2019\u00e9cole<\/a><\/li>\n\t<li class=\"menu-item menu-item-type-post_type menu-item-object-page menu-item-7852\"><a href=\"https:\/\/ecole-steiner-verrieres.org\/en\/foire-aux-questions\/\" class=\"elementor-sub-item\" tabindex=\"-1\">Foire aux questions<\/a><\/li>\n\t<li class=\"menu-item menu-item-type-post_type menu-item-object-page menu-item-800\"><a href=\"https:\/\/ecole-steiner-verrieres.org\/en\/jardin-denfants\/\" class=\"elementor-sub-item\" tabindex=\"-1\">Jardin d\u2019enfants<\/a><\/li>\n\t<li class=\"menu-item menu-item-type-post_type menu-item-object-page menu-item-584\"><a href=\"https:\/\/ecole-steiner-verrieres.org\/en\/primaire\/\" class=\"elementor-sub-item\" tabindex=\"-1\">Primaire<\/a><\/li>\n\t<li class=\"menu-item menu-item-type-post_type menu-item-object-page menu-item-811\"><a href=\"https:\/\/ecole-steiner-verrieres.org\/en\/college\/\" class=\"elementor-sub-item\" tabindex=\"-1\">Coll\u00e8ge<\/a><\/li>\n\t<li class=\"menu-item menu-item-type-post_type menu-item-object-page menu-item-1278\"><a href=\"https:\/\/ecole-steiner-verrieres.org\/en\/lycee\/\" class=\"elementor-sub-item\" tabindex=\"-1\">Lyc\u00e9e<\/a><\/li>\n<\/ul>\n<\/li>\n<li class=\"menu-item menu-item-type-custom menu-item-object-custom menu-item-has-children menu-item-545\"><a href=\"#\" class=\"elementor-item elementor-item-anchor\" tabindex=\"-1\">La p\u00e9dagogie<\/a>\n<ul class=\"sub-menu elementor-nav-menu--dropdown\">\n\t<li class=\"menu-item menu-item-type-post_type menu-item-object-page menu-item-1391\"><a href=\"https:\/\/ecole-steiner-verrieres.org\/en\/pedagogie-steiner-waldorf\/\" class=\"elementor-sub-item\" tabindex=\"-1\">La p\u00e9dagogie Steiner-Waldorf<\/a><\/li>\n\t<li class=\"menu-item menu-item-type-post_type menu-item-object-page menu-item-2484\"><a href=\"https:\/\/ecole-steiner-verrieres.org\/en\/les-atouts-de-la-pedagogie\/\" class=\"elementor-sub-item\" tabindex=\"-1\">Les atouts de la p\u00e9dagogie<\/a><\/li>\n\t<li class=\"menu-item menu-item-type-post_type menu-item-object-page menu-item-2483\"><a href=\"https:\/\/ecole-steiner-verrieres.org\/en\/une-annee-rythmee-par-les-fetes\/\" class=\"elementor-sub-item\" tabindex=\"-1\">Une ann\u00e9e rythm\u00e9e par les f\u00eates<\/a><\/li>\n<\/ul>\n<\/li>\n<\/ul>\t\t\t<\/nav>\n\t\t\t\t\t\t<\/div>\n\t\t\t\t\t<\/div>\n\t\t<\/div>\n\t\t\t\t<div class=\"elementor-column elementor-col-20 elementor-inner-column elementor-element elementor-element-94f0caa\" data-id=\"94f0caa\" data-element_type=\"column\" data-e-type=\"column\">\n\t\t\t<div class=\"elementor-widget-wrap elementor-element-populated\">\n\t\t\t\t\t\t<div class=\"elementor-element elementor-element-73e7be0 elementor-widget elementor-widget-image\" data-id=\"73e7be0\" data-element_type=\"widget\" data-e-type=\"widget\" data-widget_type=\"image.default\">\n\t\t\t\t\t\t\t\t\t\t\t\t\t\t\t\t<a href=\"https:\/\/ecole-steiner-verrieres.org\/en\">\n\t\t\t\t\t\t\t<img decoding=\"async\" src=\"https:\/\/ecole-steiner-verrieres.org\/gloagrom\/2021\/10\/Logo_VLB.svg\" class=\"attachment-full size-full wp-image-875\" alt=\"\" \/>\t\t\t\t\t\t\t\t<\/a>\n\t\t\t\t\t\t\t\t\t\t\t\t\t\t\t<\/div>\n\t\t\t\t\t<\/div>\n\t\t<\/div>\n\t\t\t\t<div class=\"elementor-column elementor-col-20 elementor-inner-column elementor-element elementor-element-82c034c\" data-id=\"82c034c\" data-element_type=\"column\" data-e-type=\"column\">\n\t\t\t<div class=\"elementor-widget-wrap elementor-element-populated\">\n\t\t\t\t\t\t<div class=\"elementor-element elementor-element-b5221e8 elementor-nav-menu__align-center elementor-nav-menu__text-align-center elementor-hidden-tablet elementor-hidden-phone elementor-nav-menu--dropdown-tablet elementor-widget elementor-widget-nav-menu\" data-id=\"b5221e8\" data-element_type=\"widget\" data-e-type=\"widget\" data-settings=\"{&quot;submenu_icon&quot;:{&quot;value&quot;:&quot;&lt;i aria-hidden=\\&quot;true\\&quot; class=\\&quot;\\&quot;&gt;&lt;\\\/i&gt;&quot;,&quot;library&quot;:&quot;&quot;},&quot;layout&quot;:&quot;horizontal&quot;}\" data-widget_type=\"nav-menu.default\">\n\t\t\t\t\t\t\t\t<nav aria-label=\"Menu\" class=\"elementor-nav-menu--main elementor-nav-menu__container elementor-nav-menu--layout-horizontal e--pointer-overline e--animation-fade\">\n\t\t\t\t<ul id=\"menu-1-b5221e8\" class=\"elementor-nav-menu\"><li class=\"menu-item menu-item-type-custom menu-item-object-custom menu-item-has-children menu-item-546\"><a href=\"#\" class=\"elementor-item elementor-item-anchor\">Vie de l&#8217;\u00e9cole<\/a>\n<ul class=\"sub-menu elementor-nav-menu--dropdown\">\n\t<li class=\"menu-item menu-item-type-post_type menu-item-object-page menu-item-2243\"><a href=\"https:\/\/ecole-steiner-verrieres.org\/en\/actualites\/\" class=\"elementor-sub-item\">Actualit\u00e9s de l\u2019\u00e9cole<\/a><\/li>\n\t<li class=\"menu-item menu-item-type-post_type menu-item-object-page menu-item-1716\"><a href=\"https:\/\/ecole-steiner-verrieres.org\/en\/ateliers-parents-enfants\/\" class=\"elementor-sub-item\">Ateliers parents &#038; enfants<\/a><\/li>\n\t<li class=\"menu-item menu-item-type-post_type menu-item-object-page menu-item-1790\"><a href=\"https:\/\/ecole-steiner-verrieres.org\/en\/collaborations-parents-professeurs\/\" class=\"elementor-sub-item\">Collaborations parents &#038; professeurs<\/a><\/li>\n\t<li class=\"menu-item menu-item-type-post_type menu-item-object-page menu-item-3131\"><a href=\"https:\/\/ecole-steiner-verrieres.org\/en\/resultats-aux-examens\/\" class=\"elementor-sub-item\">R\u00e9sultats aux examens et orientation<\/a><\/li>\n\t<li class=\"menu-item menu-item-type-post_type menu-item-object-page menu-item-3485\"><a href=\"https:\/\/ecole-steiner-verrieres.org\/en\/offres-demploi\/\" class=\"elementor-sub-item\">Offres d\u2019emploi<\/a><\/li>\n<\/ul>\n<\/li>\n<li class=\"menu-item menu-item-type-custom menu-item-object-custom menu-item-has-children menu-item-547\"><a href=\"#\" class=\"elementor-item elementor-item-anchor\">T\u00e9moignages<\/a>\n<ul class=\"sub-menu elementor-nav-menu--dropdown\">\n\t<li class=\"menu-item menu-item-type-post_type menu-item-object-page menu-item-2303\"><a href=\"https:\/\/ecole-steiner-verrieres.org\/en\/temoignages\/\" class=\"elementor-sub-item\">T\u00e9moignages parents, \u00e9l\u00e8ves<\/a><\/li>\n\t<li class=\"menu-item menu-item-type-post_type menu-item-object-page menu-item-2287\"><a href=\"https:\/\/ecole-steiner-verrieres.org\/en\/ressources\/\" class=\"elementor-sub-item\">M\u00e9dias<\/a><\/li>\n\t<li class=\"menu-item menu-item-type-post_type menu-item-object-page menu-item-2353\"><a href=\"https:\/\/ecole-steiner-verrieres.org\/en\/partenaires\/\" class=\"elementor-sub-item\">En savoir plus<\/a><\/li>\n<\/ul>\n<\/li>\n<\/ul>\t\t\t<\/nav>\n\t\t\t\t\t\t<nav class=\"elementor-nav-menu--dropdown elementor-nav-menu__container\" aria-hidden=\"true\">\n\t\t\t\t<ul id=\"menu-2-b5221e8\" class=\"elementor-nav-menu\"><li class=\"menu-item menu-item-type-custom menu-item-object-custom menu-item-has-children menu-item-546\"><a href=\"#\" class=\"elementor-item elementor-item-anchor\" tabindex=\"-1\">Vie de l&#8217;\u00e9cole<\/a>\n<ul class=\"sub-menu elementor-nav-menu--dropdown\">\n\t<li class=\"menu-item menu-item-type-post_type menu-item-object-page menu-item-2243\"><a href=\"https:\/\/ecole-steiner-verrieres.org\/en\/actualites\/\" class=\"elementor-sub-item\" tabindex=\"-1\">Actualit\u00e9s de l\u2019\u00e9cole<\/a><\/li>\n\t<li class=\"menu-item menu-item-type-post_type menu-item-object-page menu-item-1716\"><a href=\"https:\/\/ecole-steiner-verrieres.org\/en\/ateliers-parents-enfants\/\" class=\"elementor-sub-item\" tabindex=\"-1\">Ateliers parents &#038; enfants<\/a><\/li>\n\t<li class=\"menu-item menu-item-type-post_type menu-item-object-page menu-item-1790\"><a href=\"https:\/\/ecole-steiner-verrieres.org\/en\/collaborations-parents-professeurs\/\" class=\"elementor-sub-item\" tabindex=\"-1\">Collaborations parents &#038; professeurs<\/a><\/li>\n\t<li class=\"menu-item menu-item-type-post_type menu-item-object-page menu-item-3131\"><a href=\"https:\/\/ecole-steiner-verrieres.org\/en\/resultats-aux-examens\/\" class=\"elementor-sub-item\" tabindex=\"-1\">R\u00e9sultats aux examens et orientation<\/a><\/li>\n\t<li class=\"menu-item menu-item-type-post_type menu-item-object-page menu-item-3485\"><a href=\"https:\/\/ecole-steiner-verrieres.org\/en\/offres-demploi\/\" class=\"elementor-sub-item\" tabindex=\"-1\">Offres d\u2019emploi<\/a><\/li>\n<\/ul>\n<\/li>\n<li class=\"menu-item menu-item-type-custom menu-item-object-custom menu-item-has-children menu-item-547\"><a href=\"#\" class=\"elementor-item elementor-item-anchor\" tabindex=\"-1\">T\u00e9moignages<\/a>\n<ul class=\"sub-menu elementor-nav-menu--dropdown\">\n\t<li class=\"menu-item menu-item-type-post_type menu-item-object-page menu-item-2303\"><a href=\"https:\/\/ecole-steiner-verrieres.org\/en\/temoignages\/\" class=\"elementor-sub-item\" tabindex=\"-1\">T\u00e9moignages parents, \u00e9l\u00e8ves<\/a><\/li>\n\t<li class=\"menu-item menu-item-type-post_type menu-item-object-page menu-item-2287\"><a href=\"https:\/\/ecole-steiner-verrieres.org\/en\/ressources\/\" class=\"elementor-sub-item\" tabindex=\"-1\">M\u00e9dias<\/a><\/li>\n\t<li class=\"menu-item menu-item-type-post_type menu-item-object-page menu-item-2353\"><a href=\"https:\/\/ecole-steiner-verrieres.org\/en\/partenaires\/\" class=\"elementor-sub-item\" tabindex=\"-1\">En savoir plus<\/a><\/li>\n<\/ul>\n<\/li>\n<\/ul>\t\t\t<\/nav>\n\t\t\t\t\t\t<\/div>\n\t\t\t\t\t<\/div>\n\t\t<\/div>\n\t\t\t\t<div class=\"elementor-column elementor-col-20 elementor-inner-column elementor-element elementor-element-68510ab\" data-id=\"68510ab\" data-element_type=\"column\" data-e-type=\"column\">\n\t\t\t<div class=\"elementor-widget-wrap\">\n\t\t\t\t\t\t\t<\/div>\n\t\t<\/div>\n\t\t\t\t\t<\/div>\n\t\t<\/section>\n\t\t\t\t<div class=\"elementor-element elementor-element-4b85a92 elementor-widget elementor-widget-heading\" data-id=\"4b85a92\" data-element_type=\"widget\" data-e-type=\"widget\" data-widget_type=\"heading.default\">\n\t\t\t\t\t<h2 class=\"elementor-heading-title elementor-size-default\">Les \u00e9v\u00e9nements de l'\u00e9cole<\/h2>\t\t\t\t<\/div>\n\t\t\t\t<section class=\"elementor-section elementor-inner-section elementor-element elementor-element-8ebf355 elementor-hidden-phone elementor-section-boxed elementor-section-height-default elementor-section-height-default\" data-id=\"8ebf355\" data-element_type=\"section\" data-e-type=\"section\">\n\t\t\t\t\t\t<div class=\"elementor-container elementor-column-gap-default\">\n\t\t\t\t\t<div class=\"elementor-column elementor-col-33 elementor-inner-column elementor-element elementor-element-8dc47e9\" data-id=\"8dc47e9\" data-element_type=\"column\" data-e-type=\"column\">\n\t\t\t<div class=\"elementor-widget-wrap\">\n\t\t\t\t\t\t\t<\/div>\n\t\t<\/div>\n\t\t\t\t<div class=\"elementor-column elementor-col-33 elementor-inner-column elementor-element elementor-element-cb25179\" data-id=\"cb25179\" data-element_type=\"column\" data-e-type=\"column\">\n\t\t\t<div class=\"elementor-widget-wrap elementor-element-populated\">\n\t\t\t\t\t\t<div class=\"elementor-element elementor-element-b56d65e elementor-widget elementor-widget-image\" data-id=\"b56d65e\" data-element_type=\"widget\" data-e-type=\"widget\" data-widget_type=\"image.default\">\n\t\t\t\t\t\t\t\t\t\t\t\t\t\t\t<img decoding=\"async\" src=\"https:\/\/ecole-steiner-verrieres.org\/gloagrom\/2021\/10\/Fleur_vie-mutlicolore.svg\" class=\"attachment-full size-full wp-image-957\" alt=\"\" \/>\t\t\t\t\t\t\t\t\t\t\t\t\t\t\t<\/div>\n\t\t\t\t\t<\/div>\n\t\t<\/div>\n\t\t\t\t<div class=\"elementor-column elementor-col-33 elementor-inner-column elementor-element elementor-element-74ce8c1\" data-id=\"74ce8c1\" data-element_type=\"column\" data-e-type=\"column\">\n\t\t\t<div class=\"elementor-widget-wrap\">\n\t\t\t\t\t\t\t<\/div>\n\t\t<\/div>\n\t\t\t\t\t<\/div>\n\t\t<\/section>\n\t\t\t\t\t<\/div>\n\t\t<\/div>\n\t\t\t\t\t<\/div>\n\t\t<\/section>\n\t\t\t\t<section class=\"elementor-section elementor-top-section elementor-element elementor-element-df7aa83 elementor-section-boxed elementor-section-height-default elementor-section-height-default\" data-id=\"df7aa83\" data-element_type=\"section\" data-e-type=\"section\">\n\t\t\t\t\t\t<div class=\"elementor-container elementor-column-gap-default\">\n\t\t\t\t\t<div class=\"elementor-column elementor-col-33 elementor-top-column elementor-element elementor-element-bfb7068\" data-id=\"bfb7068\" data-element_type=\"column\" data-e-type=\"column\" data-settings=\"{&quot;background_background&quot;:&quot;classic&quot;}\">\n\t\t\t<div class=\"elementor-widget-wrap\">\n\t\t\t\t\t\t\t<\/div>\n\t\t<\/div>\n\t\t\t\t<div class=\"elementor-column elementor-col-33 elementor-top-column elementor-element elementor-element-d007156 elementor-hidden-phone\" data-id=\"d007156\" data-element_type=\"column\" data-e-type=\"column\">\n\t\t\t<div class=\"elementor-widget-wrap elementor-element-populated\">\n\t\t\t\t\t\t<div class=\"elementor-element elementor-element-21547ea elementor-widget elementor-widget-the-events-calendar-addon\" data-id=\"21547ea\" data-element_type=\"widget\" data-e-type=\"widget\" data-widget_type=\"the-events-calendar-addon.default\">\n\t\t\t\t<div class=\"elementor-widget-container\">\n\t\t\t\t\t<div class=\"ectbe-calendar-wrapper\"><div class=\"ectbe_calendar_events_spinner\"><img decoding=\"async\" src=\"https:\/\/ecole-steiner-verrieres.org\/chyptojy\/events-widgets-for-elementor-and-the-events-calendar\/assets\/images\/ectbe-preloader.gif\"><\/div><div id=\"ectbe-event-calendar-21547ea\" class=\"ectbe-event-calendar-cls\" data-cal_id=\"21547ea\" data-locale=\"en-US\" data-defaultview=\"dayGridMonth\" data-first_day=\"0\" data-daterange=\"\" data-rangestart=\"\" data-rangeend=\"\" data-max_events=\"\" data-ev_category=\"[&quot;all&quot;]\" data-textcolor=\"#ffffff\" data-color=\"#5725ff\"><\/div><div id=\"ectbe-popup-wraper\" class=\"ectbe-modal ectbe-zoom-in\">\n            <div class=\"ectbe-ec-modal-bg\"><\/div>\n            <div class=\"ectbe-modal-content\">\n                <div class=\"ectbe-featured-img\"><\/div>\n                <div class=\"ectbe-modal-header\">                    \n                    <div class=\"ectbe-modal-close\"><span>X<\/span><\/div>\n                    <h2 class=\"ectbe-ec-modal-title\"><\/h2>\n                    <span class=\"ectbe-event-date-start ectbe-event-popup-date\"><\/span>\n                    <span class=\"ectbe-event-date-end ectbe-event-popup-date\"><\/span>\n                <\/div>\n                <div class=\"ectbe-modal-body\">\n                    <span class=\"ectbe-cost\"><\/span>\n                    <p><\/p>\n                <\/div><div class=\"ectbe-modal-footer\">\n                        <a class=\"ectbe-event-details-link\"><button>Read More<\/button><\/a>\n                    <\/div><\/div>\n        <\/div><\/div>\t\t\t\t<\/div>\n\t\t\t\t<\/div>\n\t\t\t\t\t<\/div>\n\t\t<\/div>\n\t\t\t\t<div class=\"elementor-column elementor-col-33 elementor-top-column elementor-element elementor-element-2f3e404\" data-id=\"2f3e404\" data-element_type=\"column\" data-e-type=\"column\" data-settings=\"{&quot;background_background&quot;:&quot;classic&quot;}\">\n\t\t\t<div class=\"elementor-widget-wrap\">\n\t\t\t\t\t\t\t<\/div>\n\t\t<\/div>\n\t\t\t\t\t<\/div>\n\t\t<\/section>\n\t\t\t\t<\/div>\n\t\t","protected":false},"excerpt":{"rendered":"<p>Les \u00e9v\u00e9nements de l&#8217;\u00e9cole X Read More<\/p>","protected":false},"author":2,"featured_media":2736,"parent":0,"menu_order":0,"comment_status":"closed","ping_status":"closed","template":"elementor_header_footer","meta":{"footnotes":""},"class_list":["post-5337","page","type-page","status-publish","has-post-thumbnail","hentry"],"_links":{"self":[{"href":"https:\/\/ecole-steiner-verrieres.org\/en\/wp-json\/wp\/v2\/pages\/5337","targetHints":{"allow":["GET"]}}],"collection":[{"href":"https:\/\/ecole-steiner-verrieres.org\/en\/wp-json\/wp\/v2\/pages"}],"about":[{"href":"https:\/\/ecole-steiner-verrieres.org\/en\/wp-json\/wp\/v2\/types\/page"}],"author":[{"embeddable":true,"href":"https:\/\/ecole-steiner-verrieres.org\/en\/wp-json\/wp\/v2\/users\/2"}],"replies":[{"embeddable":true,"href":"https:\/\/ecole-steiner-verrieres.org\/en\/wp-json\/wp\/v2\/comments?post=5337"}],"version-history":[{"count":6,"href":"https:\/\/ecole-steiner-verrieres.org\/en\/wp-json\/wp\/v2\/pages\/5337\/revisions"}],"predecessor-version":[{"id":7739,"href":"https:\/\/ecole-steiner-verrieres.org\/en\/wp-json\/wp\/v2\/pages\/5337\/revisions\/7739"}],"wp:featuredmedia":[{"embeddable":true,"href":"https:\/\/ecole-steiner-verrieres.org\/en\/wp-json\/wp\/v2\/media\/2736"}],"wp:attachment":[{"href":"https:\/\/ecole-steiner-verrieres.org\/en\/wp-json\/wp\/v2\/media?parent=5337"}],"curies":[{"name":"wp","href":"https:\/\/api.w.org\/{rel}","templated":true}]}}